{"id":31,"date":"2024-03-23T22:52:55","date_gmt":"2024-03-23T21:52:55","guid":{"rendered":"http:\/\/openyourwild.org\/?page_id=31"},"modified":"2024-04-07T16:53:30","modified_gmt":"2024-04-07T14:53:30","slug":"ma-mission-mes-objectifs","status":"publish","type":"page","link":"http:\/\/openyourwild.org\/index.php\/ma-mission-mes-objectifs\/","title":{"rendered":"ma mission\/mes objectifs"},"content":{"rendered":"\n<p>Je pense que l&rsquo;urgence climatique dans laquelle nous nous trouvons est en partie d\u00fbe \u00e0 la distance qui existe entre l&rsquo;Homme et la Nature. Nous avons construit une barri\u00e8re entre nous et notre propre environnement, nous nous sommes enferm\u00e9s et avons perdu cette proximit\u00e9 avec la nature. Il nous est donc impossible de nous rendre compte de la fragilit\u00e9 et de la beaut\u00e9 de certains milieux naturels, et de la m\u00eame mani\u00e8re des d\u00e9g\u00e2ts provoqu\u00e9s par nos activit\u00e9s, modes de vie et comportements sur ces milieux. En d\u00e9coule une difficult\u00e9 \u00e0 nous sentir directement concern\u00e9s, et \u00e0 adapter nos mani\u00e8res de vivre, de consommer et de penser. Avec cette distance, tout nous semble lointain, et nous avons donc tendance \u00e0 oublier, minimiser ou simplement ignorer le probl\u00e8me ou \u00e0 ne pas le consid\u00e9rer comme r\u00e9el , urgent  ou dramatique.<\/p>\n\n\n\n<p>Et malheureusement, ce n&rsquo;est que la partie immerg\u00e9e de l&rsquo;iceberg, mais c&rsquo;est sur cet aspect que j&rsquo;ai d\u00e9cid\u00e9 de me focaliser. Car je pense que c&rsquo;est par ce biais que la solution viendra et que c&rsquo;est par celui-ci que je peux esp\u00e9rer avoir un r\u00e9el impact. Et parce que (pour l&rsquo;instant) je ne peux pr\u00e9tendre \u00e0 plus, n&rsquo;ayant pas la capacit\u00e9 de renverser des entreprises \u00e9tats ou de changer le fonctionnement de la soci\u00e9t\u00e9. Mais je suis intimement persuad\u00e9 que la solution viendra de NOUS et je suis bien d\u00e9cid\u00e9 \u00e0 participer \u00e0 cette r\u00e9volution environnementale et \u00e0 guider ceux qui le souhaitent.<\/p>\n\n\n\n<p>C&rsquo;est pourquoi, j&rsquo;ai d\u00e9cid\u00e9 de faire graviter le projet autour d&rsquo;une profonde volont\u00e9 de r\u00e9tablir cette proximit\u00e9 perdue. Je souhaite \u00eatre un lien, un coordinateur entre l&rsquo;Homme et son environnement et devenir en quelque sorte, ambassadeur de la Plan\u00e8te et de la Nature : \u00eatre un messager, un d\u00e9fenseur, un t\u00e9moin, un d\u00e9nonciateur.<\/p>\n\n\n\n<p>Pour cela, j&rsquo;ai choisi de b\u00e2tir le projet autour de 3 Objectifs Piliers :<\/p>\n\n\n\n<ul class=\"wp-block-list\">\n<li>Tout d&rsquo;abord un objectif de SENSIBILISATION ; renseigner, v\u00e9hiculer, donner l&rsquo;information et d\u00e9noncer.<\/li>\n\n\n\n<li>Un objectif d&rsquo;INTERPELLATION ; donner la possibilit\u00e9 d&rsquo;ouvrir les yeux, confronter \u00e0 la r\u00e9alit\u00e9, \u00e9veiller la curiosit\u00e9 et faire na\u00eetre les \u00e9motions.<\/li>\n\n\n\n<li>et enfin un objectif de RESPONSIBILISATION : faire agir, guider, amener \u00e0 une prise de conscience, provoquer des r\u00e9actions, amener \u00e0 agir, \u00eatre \u00e0 l&rsquo;origine de changements, faire na\u00eetre des vocations et encourager les prises de position.<\/li>\n<\/ul>\n","protected":false},"excerpt":{"rendered":"<p>Je pense que l&rsquo;urgence climatique dans laquelle nous nous trouvons est en partie d\u00fbe \u00e0 la distance qui existe entre l&rsquo;Homme et la Nature. Nous avons construit une barri\u00e8re entre nous et notre propre environnement, nous nous sommes enferm\u00e9s et avons perdu cette proximit\u00e9 avec la nature. Il nous est donc impossible de nous rendre [&hellip;]<\/p>\n","protected":false},"author":1,"featured_media":0,"parent":0,"menu_order":3,"comment_status":"closed","ping_status":"closed","template":"","meta":{"footnotes":""},"class_list":["post-31","page","type-page","status-publish","hentry"],"_links":{"self":[{"href":"http:\/\/openyourwild.org\/index.php\/wp-json\/wp\/v2\/pages\/31","targetHints":{"allow":["GET"]}}],"collection":[{"href":"http:\/\/openyourwild.org\/index.php\/wp-json\/wp\/v2\/pages"}],"about":[{"href":"http:\/\/openyourwild.org\/index.php\/wp-json\/wp\/v2\/types\/page"}],"author":[{"embeddable":true,"href":"http:\/\/openyourwild.org\/index.php\/wp-json\/wp\/v2\/users\/1"}],"replies":[{"embeddable":true,"href":"http:\/\/openyourwild.org\/index.php\/wp-json\/wp\/v2\/comments?post=31"}],"version-history":[{"count":5,"href":"http:\/\/openyourwild.org\/index.php\/wp-json\/wp\/v2\/pages\/31\/revisions"}],"predecessor-version":[{"id":37,"href":"http:\/\/openyourwild.org\/index.php\/wp-json\/wp\/v2\/pages\/31\/revisions\/37"}],"wp:attachment":[{"href":"http:\/\/openyourwild.org\/index.php\/wp-json\/wp\/v2\/media?parent=31"}],"curies":[{"name":"wp","href":"https:\/\/api.w.org\/{rel}","templated":true}]}}