{"id":39,"date":"2024-04-06T17:21:03","date_gmt":"2024-04-06T15:21:03","guid":{"rendered":"http:\/\/openyourwild.org\/?page_id=39"},"modified":"2024-11-03T15:23:35","modified_gmt":"2024-11-03T14:23:35","slug":"__trashed","status":"publish","type":"page","link":"http:\/\/openyourwild.org\/index.php\/__trashed\/","title":{"rendered":"Le projet"},"content":{"rendered":"\n<p>Le Projet aura donc un caract\u00e8re engag\u00e9 et sera anim\u00e9 par une volont\u00e9 de renseigner, d&rsquo;ouvrir les yeux et de faire r\u00e9agir autour de th\u00e9matiques comme l&rsquo;\u00e9cologie, la crise environnementale, la transition \u00e9nerg\u00e9tique, la pollution, le climat, la nature. Mais il abordera \u00e9galement les th\u00e8mes du voyage, de la sant\u00e9, de l&rsquo;exploration, des d\u00e9placements, de l&rsquo;aventure, du sport, du d\u00e9passement de soi, de la survie. Enfin, il tentera de fournir des outils, des alternatives, des conseils, des solutions et des mani\u00e8res de vivre, de se d\u00e9placer et de consommer \u00e9co-responsable et\/ou en faveur de la transition \u00e9cologique, et principalement autour du th\u00e8me voyage.<\/p>\n\n\n\n<p>Il me permettra de promouvoir le voyage \u00e9co-responsable, en parcourant le monde de mani\u00e8re engag\u00e9e . Mais aussi de promouvoir la pratique sportive, comme alternative aux d\u00e9placements polluants ET au mode de vie statique et d\u00e9l\u00e9t\u00e8re actuel. Enfin, tout cela prendra forme via les r\u00e9seaux sociaux, dans un premier temps, avec l&rsquo;utilisation de mes vid\u00e9os et photos comme support, pour partager et diffuser. Pour cela, j&rsquo;ai la volont\u00e9 de m&rsquo;approcher au plus pr\u00e8s de la nature, aussi bien intacte qu&rsquo;en souffrance, pour rendre compte de ce que je vois.<\/p>\n\n\n\n<p>Tout \u00e7a c&rsquo;est bien beau, mais concr\u00e9tement \u00e7a veut dire quoi?!<\/p>\n\n\n\n<p>Concr\u00e9tement, le projet prendra la forme de travers\u00e9es ponctuelles de pays, territoires ou zones g\u00e9ographiques. Le choix du territoire sera guid\u00e9 par un double objectif : traverser des milieux naturels et pr\u00e9serv\u00e9s pour rendre compte de leur beaut\u00e9 et de leur fragilit\u00e9. Ou, \u00e0 l&rsquo;inverse, des milieux naturels en souffrance, abim\u00e9s ou d\u00e9truits par la main de l&rsquo;Homme. Ici, l&rsquo;objectif \u00e9tant plut\u00f4t de faire r\u00e9agir et de d\u00e9noncer des pratiques et comportements. Les deux milieux pouvant se c\u00f4toyer lors d&rsquo;une seule et m\u00eame travers\u00e9e.<\/p>\n\n\n\n<p>Ces explorations se feront en autonomie, dans la mesure du possible au contact de la nature et en dehors des sentiers battus. Un souci tout particulier sera accord\u00e9 \u00e0 la pr\u00e9servation du milieu travers\u00e9, avec une volont\u00e9 d&rsquo;avoir le plus faible impact environnemental possible.<\/p>\n\n\n\n<p>Pour cela, je souhaite r\u00e9aliser des performances sportives et je ne me d\u00e9placerai donc que par le biais d&rsquo;activit\u00e9s physiques et sportives, que je souhaite promouvoir comme mode de vie et moyen de d\u00e9placement. Cela me permettra de mettre en avant leur absence d&rsquo;impact n\u00e9gatif sur la sant\u00e9.<\/p>\n\n\n\n<p>Je privil\u00e9gierai \u00e9galement du mat\u00e9riel, des outils et des \u00e9quipements de r\u00e9cup\u00e9ration, d&rsquo;occasion et\/ou \u00e9co-responsables et non polluants.<\/p>\n\n\n\n<figure class=\"wp-block-image size-full is-resized\"><img loading=\"lazy\" decoding=\"async\" width=\"720\" height=\"663\" src=\"http:\/\/openyourwild.org\/wp-content\/uploads\/2024\/11\/FB_IMG_1623096366904.jpg\" alt=\"\" class=\"wp-image-119\" style=\"width:520px;height:auto\" srcset=\"http:\/\/openyourwild.org\/wp-content\/uploads\/2024\/11\/FB_IMG_1623096366904.jpg 720w, http:\/\/openyourwild.org\/wp-content\/uploads\/2024\/11\/FB_IMG_1623096366904-300x276.jpg 300w\" sizes=\"auto, (max-width: 720px) 100vw, 720px\" \/><\/figure>\n\n\n\n<p>J\u2019accorderai la m\u00eame attention aux moyens et mani\u00e8res de me d\u00e9placer, de consommer et de vivre tout au long de mes aventures.<br>Le projet sera partag\u00e9 et pourra \u00eatre suivi via les r\u00e9seaux sociaux gr\u00e2ce \u00e0 des photos, vid\u00e9os et r\u00e9cits.<\/p>\n\n\n\n<p>J&rsquo;ai certes beaucoup d&rsquo;ambitions pour \u00ab\u00a0OpenYour Wild\u00a0\u00bb, mais il est tout d&rsquo;abord une d\u00e9claration d&rsquo;amour \u00e0 la Plan\u00e8te et je souhaite aussi garder les pieds sur terre et ne pas m&rsquo;enflammer. C&rsquo;est pourquoi, j&rsquo;ai d\u00e9cid\u00e9 de me fixer des premiers objectifs simples, que je pourrai exp\u00e9rimenter au d\u00e9tour d&rsquo;une premi\u00e8re aventure et voir comment le projet est re\u00e7u et peut \u00e9voluer. Je n&rsquo;ai pas la pr\u00e9tention de revendiquer \u00eatre l&rsquo;exemple ultime du parfait \u00e9colo, mais j&rsquo;essaie d&rsquo;aider \u00e0 ma mani\u00e8re. Et je r\u00eave de le voir grandir et \u00e9voluer pour avoir un r\u00e9el impact dans le futur, mais je vais d&rsquo;abord me concentrer et tout donner pour la premi\u00e8re \u00e9tape de mon projet.<\/p>\n","protected":false},"excerpt":{"rendered":"<p>Le Projet aura donc un caract\u00e8re engag\u00e9 et sera anim\u00e9 par une volont\u00e9 de renseigner, d&rsquo;ouvrir les yeux et de faire r\u00e9agir autour de th\u00e9matiques comme l&rsquo;\u00e9cologie, la crise environnementale, la transition \u00e9nerg\u00e9tique, la pollution, le climat, la nature. Mais il abordera \u00e9galement les th\u00e8mes du voyage, de la sant\u00e9, de l&rsquo;exploration, des d\u00e9placements, de [&hellip;]<\/p>\n","protected":false},"author":1,"featured_media":0,"parent":0,"menu_order":4,"comment_status":"closed","ping_status":"closed","template":"","meta":{"footnotes":""},"class_list":["post-39","page","type-page","status-publish","hentry"],"_links":{"self":[{"href":"http:\/\/openyourwild.org\/index.php\/wp-json\/wp\/v2\/pages\/39","targetHints":{"allow":["GET"]}}],"collection":[{"href":"http:\/\/openyourwild.org\/index.php\/wp-json\/wp\/v2\/pages"}],"about":[{"href":"http:\/\/openyourwild.org\/index.php\/wp-json\/wp\/v2\/types\/page"}],"author":[{"embeddable":true,"href":"http:\/\/openyourwild.org\/index.php\/wp-json\/wp\/v2\/users\/1"}],"replies":[{"embeddable":true,"href":"http:\/\/openyourwild.org\/index.php\/wp-json\/wp\/v2\/comments?post=39"}],"version-history":[{"count":9,"href":"http:\/\/openyourwild.org\/index.php\/wp-json\/wp\/v2\/pages\/39\/revisions"}],"predecessor-version":[{"id":118,"href":"http:\/\/openyourwild.org\/index.php\/wp-json\/wp\/v2\/pages\/39\/revisions\/118"}],"wp:attachment":[{"href":"http:\/\/openyourwild.org\/index.php\/wp-json\/wp\/v2\/media?parent=39"}],"curies":[{"name":"wp","href":"https:\/\/api.w.org\/{rel}","templated":true}]}}