{"id":47,"date":"2024-04-06T19:09:24","date_gmt":"2024-04-06T17:09:24","guid":{"rendered":"http:\/\/openyourwild.org\/?page_id=47"},"modified":"2024-04-07T17:43:31","modified_gmt":"2024-04-07T15:43:31","slug":"valeurs-et-engagement","status":"publish","type":"page","link":"http:\/\/openyourwild.org\/index.php\/valeurs-et-engagement\/","title":{"rendered":"Valeurs et engagements"},"content":{"rendered":"\n<p>Le projet ne peut pr\u00e9tendre \u00eatre engag\u00e9 sans des valeurs et engagements solides et clairs. C\u2019est pourquoi, lors de mes aventures je m\u2019engage \u00e0&nbsp;:<\/p>\n\n\n\n<ul class=\"wp-block-list\">\n<li>Avoir une empreinte environnementale (carbone, impact, d\u00e9chets) la plus proche du n\u00e9ant.<\/li>\n\n\n\n<li>Tendre au maximum vers le z\u00e9ro-d\u00e9chets.<\/li>\n\n\n\n<li>Utiliser en majorit\u00e9 du mat\u00e9riel, des \u00e9quipements et des outils de r\u00e9cup\u00e9ration, d\u2019occasion, \u00e0 r\u00e9parer et\/ou \u00e9co-responsables, respectant l\u2019environnement ou ayant une faible empreinte environnementale.<\/li>\n\n\n\n<li>Utiliser des mani\u00e8res et moyens de me d\u00e9placer, de consommer et de vivre non-polluants et les plus naturels possible.<\/li>\n\n\n\n<li>R\u00e9aliser des performances physiques et sportives\u00a0: en utilisant exclusivement des activit\u00e9s physiques et sportives comme moyens de d\u00e9placements (marche, v\u00e9lo, kayak, nage, course\u2026).<\/li>\n\n\n\n<li>Ne pas utiliser de moyens de d\u00e9placements polluants&nbsp;\/ ayant une empreinte carbone.<\/li>\n\n\n\n<li>Effectuer mes travers\u00e9es en autonomie compl\u00e8te sans aides ext\u00e9rieurs directes (sauf accidents \/ urgences).<\/li>\n\n\n\n<li>Pr\u00e9server et respecter la nature et l\u2019environnement travers\u00e9s&nbsp;: en ne laissant le moins possible de traces de mon passage (d\u00e9chets, d\u00e9g\u00e2ts ou pollution quelconque).<\/li>\n\n\n\n<li>Respecter les territoires, les traditions, les m\u0153urs, les r\u00e8gles et les \u00e9ventuels peuples rencontr\u00e9s.<\/li>\n\n\n\n<li>Diffuser des images honn\u00eates et sinc\u00e8res de la r\u00e9alit\u00e9, de la r\u00e9alisation de mes aventures, des difficult\u00e9s rencontr\u00e9es, des rencontres, de la beaut\u00e9 et\/ou de l\u2019alt\u00e9ration des environnements travers\u00e9s, etc\u2026<\/li>\n\n\n\n<li>D\u00e9noncer les conduites, pratiques et comportements polluants et\/ou destructeurs.<\/li>\n\n\n\n<li>Encourager les pratiques et comportements, en faveur de la transition \u00e9nerg\u00e9tique.<\/li>\n<\/ul>\n\n\n\n<figure class=\"wp-block-image size-large\"><img loading=\"lazy\" decoding=\"async\" width=\"1024\" height=\"768\" src=\"http:\/\/openyourwild.org\/wp-content\/uploads\/2024\/04\/IMG_7439-1024x768.jpg\" alt=\"\" class=\"wp-image-61\" srcset=\"http:\/\/openyourwild.org\/wp-content\/uploads\/2024\/04\/IMG_7439-1024x768.jpg 1024w, http:\/\/openyourwild.org\/wp-content\/uploads\/2024\/04\/IMG_7439-300x225.jpg 300w, http:\/\/openyourwild.org\/wp-content\/uploads\/2024\/04\/IMG_7439-768x576.jpg 768w, http:\/\/openyourwild.org\/wp-content\/uploads\/2024\/04\/IMG_7439-1536x1152.jpg 1536w, http:\/\/openyourwild.org\/wp-content\/uploads\/2024\/04\/IMG_7439-2048x1536.jpg 2048w\" sizes=\"auto, (max-width: 1024px) 100vw, 1024px\" \/><\/figure>\n","protected":false},"excerpt":{"rendered":"<p>Le projet ne peut pr\u00e9tendre \u00eatre engag\u00e9 sans des valeurs et engagements solides et clairs. C\u2019est pourquoi, lors de mes aventures je m\u2019engage \u00e0&nbsp;:<\/p>\n","protected":false},"author":1,"featured_media":0,"parent":0,"menu_order":5,"comment_status":"closed","ping_status":"closed","template":"","meta":{"footnotes":""},"class_list":["post-47","page","type-page","status-publish","hentry"],"_links":{"self":[{"href":"http:\/\/openyourwild.org\/index.php\/wp-json\/wp\/v2\/pages\/47","targetHints":{"allow":["GET"]}}],"collection":[{"href":"http:\/\/openyourwild.org\/index.php\/wp-json\/wp\/v2\/pages"}],"about":[{"href":"http:\/\/openyourwild.org\/index.php\/wp-json\/wp\/v2\/types\/page"}],"author":[{"embeddable":true,"href":"http:\/\/openyourwild.org\/index.php\/wp-json\/wp\/v2\/users\/1"}],"replies":[{"embeddable":true,"href":"http:\/\/openyourwild.org\/index.php\/wp-json\/wp\/v2\/comments?post=47"}],"version-history":[{"count":4,"href":"http:\/\/openyourwild.org\/index.php\/wp-json\/wp\/v2\/pages\/47\/revisions"}],"predecessor-version":[{"id":71,"href":"http:\/\/openyourwild.org\/index.php\/wp-json\/wp\/v2\/pages\/47\/revisions\/71"}],"wp:attachment":[{"href":"http:\/\/openyourwild.org\/index.php\/wp-json\/wp\/v2\/media?parent=47"}],"curies":[{"name":"wp","href":"https:\/\/api.w.org\/{rel}","templated":true}]}}