{"id":5,"date":"2024-03-23T15:56:28","date_gmt":"2024-03-23T14:56:28","guid":{"rendered":"http:\/\/openyourwild.org\/?page_id=5"},"modified":"2024-04-07T16:50:58","modified_gmt":"2024-04-07T14:50:58","slug":"a-propos-de-moi","status":"publish","type":"page","link":"http:\/\/openyourwild.org\/index.php\/a-propos-de-moi\/","title":{"rendered":"A propos de moi"},"content":{"rendered":"\n<p>Amoureux de la plan\u00e8te et \u00e0 l&rsquo;\u00e9coute du monde qui m&rsquo;entoure depuis mon plus jeune \u00e2ge. J&rsquo;ai eu la chance de grandir avec des valeurs de respect et  de pr\u00e9servation de l&rsquo;environnement. Ainsi que d&rsquo;\u00e9voluer au contact de la nature en \u00e9tant sensibilis\u00e9 \u00e0 en prendre soin.<\/p>\n\n\n\n<p>Plus tard, ayant des difficult\u00e9s \u00e0 trouver ma place, je m&rsquo;\u00e9chappe et me d\u00e9couvre une passion pour le voyage et l&rsquo;ailleurs. Obs\u00e9d\u00e9 par le mouvement et le changement, je fuis l&rsquo;immobilit\u00e9 et la routine au travers de  voyages, d&rsquo;exp\u00e9riences et de pratiques sportives vari\u00e9es. Puis, malgr\u00e9 une incapacit\u00e9 \u00e0 me retrouver dans un mod\u00e8le de r\u00e9ussite sociale classique, je m&rsquo;engage finalement dans des \u00e9tudes de Masso-kin\u00e9sith\u00e9rapie, y voyant un moyen de promouvoir le mouvement et l&rsquo;activit\u00e9 physique au profit de la sant\u00e9. Un travail parall\u00e8le de mes \u00e9tudes me permet n\u00e9anmoins de r\u00e9pondre \u00e0 ce besoin grandissant de d\u00e9couverte du monde, au d\u00e9tour duquel j&rsquo;en profite pour me d\u00e9couvrir un int\u00e9r\u00eat pour la photographie et la vid\u00e9o.<\/p>\n\n\n\n<p>Une fois diplom\u00e9, je choisis de conserver ma libert\u00e9 en travaillant en tant que rempla\u00e7ant, me donnant la possibilit\u00e9 d&rsquo;alterner p\u00e9riode de travail et de voyage. Mais surtout pour r\u00e9pondre \u00e0 cette n\u00e9cessit\u00e9 d&rsquo;exploration devenue une v\u00e9ritable raison de vivre.<\/p>\n\n\n\n<p>Pr\u00e9occup\u00e9 par la sant\u00e9 de notre Terre, je continue \u00e0 agir et \u00e0 me renseigner sur la mani\u00e8re de la pr\u00e9server dans la vie de tous les jours. Et avide de curiosit\u00e9, j&rsquo;approfondis \u00e9galement mes connaissances sur l&rsquo;\u00e9cologie, la consommation, le voyage, la pollution, la survie, la photographie, l&rsquo;aventure, la spiritualit\u00e9, le climat, le sport, le montage vid\u00e9o, la biodiversit\u00e9, le foctionnement du corps humain. Je d\u00e9tache aussi petit \u00e0 petit du besoin de possession mat\u00e9rielle, et d\u00e9cide de ne garder que ce qui m&rsquo;est essentiel en vendant et en donnant \u00e0 des associations une grande partie de ce que je poss\u00e8de. Ma mani\u00e8re de percevoir, de penser, de consommer et de vivre \u00e9volue et cela me fait du bien.<\/p>\n\n\n\n<p>Toujours \u00e0 la recherche de d\u00e9fis, j&rsquo;ai pleinement conscience depuis quelques ann\u00e9es que c&rsquo;est dans la difficult\u00e9 que je progresse, que j&rsquo;avance et que je grandis. Riche de mes explorations, exp\u00e9riences et rencontres, ma mani\u00e8re de voyager \u00e9volue elle aussi, m&rsquo;amenant de plus en plus en dehors des sentiers battus et \u00e0 me d\u00e9passer d&rsquo;avantage.<\/p>\n\n\n\n<figure class=\"wp-block-image size-large\"><img loading=\"lazy\" decoding=\"async\" width=\"1024\" height=\"678\" src=\"http:\/\/openyourwild.org\/wp-content\/uploads\/2024\/04\/Jordanie-3-1024x678.jpg\" alt=\"\" class=\"wp-image-65\" srcset=\"http:\/\/openyourwild.org\/wp-content\/uploads\/2024\/04\/Jordanie-3-1024x678.jpg 1024w, http:\/\/openyourwild.org\/wp-content\/uploads\/2024\/04\/Jordanie-3-300x199.jpg 300w, http:\/\/openyourwild.org\/wp-content\/uploads\/2024\/04\/Jordanie-3-768x508.jpg 768w, http:\/\/openyourwild.org\/wp-content\/uploads\/2024\/04\/Jordanie-3-1536x1017.jpg 1536w, http:\/\/openyourwild.org\/wp-content\/uploads\/2024\/04\/Jordanie-3.jpg 1737w\" sizes=\"auto, (max-width: 1024px) 100vw, 1024px\" \/><\/figure>\n\n\n\n<p>Cette proximit\u00e9 avec la nature et cette mani\u00e8re d&rsquo;explorer, plus responsable et sportive, ainsi que cet \u00e9tat de pleine conscience, sont une vraie r\u00e9v\u00e9lation et d\u00e9bloquent quelque chose en moi.<\/p>\n","protected":false},"excerpt":{"rendered":"<p>Amoureux de la plan\u00e8te et \u00e0 l&rsquo;\u00e9coute du monde qui m&rsquo;entoure depuis mon plus jeune \u00e2ge. J&rsquo;ai eu la chance de grandir avec des valeurs de respect et de pr\u00e9servation de l&rsquo;environnement. Ainsi que d&rsquo;\u00e9voluer au contact de la nature en \u00e9tant sensibilis\u00e9 \u00e0 en prendre soin. Plus tard, ayant des difficult\u00e9s \u00e0 trouver ma [&hellip;]<\/p>\n","protected":false},"author":1,"featured_media":0,"parent":0,"menu_order":1,"comment_status":"closed","ping_status":"closed","template":"","meta":{"footnotes":""},"class_list":["post-5","page","type-page","status-publish","hentry"],"_links":{"self":[{"href":"http:\/\/openyourwild.org\/index.php\/wp-json\/wp\/v2\/pages\/5","targetHints":{"allow":["GET"]}}],"collection":[{"href":"http:\/\/openyourwild.org\/index.php\/wp-json\/wp\/v2\/pages"}],"about":[{"href":"http:\/\/openyourwild.org\/index.php\/wp-json\/wp\/v2\/types\/page"}],"author":[{"embeddable":true,"href":"http:\/\/openyourwild.org\/index.php\/wp-json\/wp\/v2\/users\/1"}],"replies":[{"embeddable":true,"href":"http:\/\/openyourwild.org\/index.php\/wp-json\/wp\/v2\/comments?post=5"}],"version-history":[{"count":3,"href":"http:\/\/openyourwild.org\/index.php\/wp-json\/wp\/v2\/pages\/5\/revisions"}],"predecessor-version":[{"id":66,"href":"http:\/\/openyourwild.org\/index.php\/wp-json\/wp\/v2\/pages\/5\/revisions\/66"}],"wp:attachment":[{"href":"http:\/\/openyourwild.org\/index.php\/wp-json\/wp\/v2\/media?parent=5"}],"curies":[{"name":"wp","href":"https:\/\/api.w.org\/{rel}","templated":true}]}}