{"id":52,"date":"2024-04-06T19:09:55","date_gmt":"2024-04-06T17:09:55","guid":{"rendered":"http:\/\/openyourwild.org\/?page_id=52"},"modified":"2024-10-08T17:03:03","modified_gmt":"2024-10-08T15:03:03","slug":"1ere-etape-crossing-canada","status":"publish","type":"page","link":"http:\/\/openyourwild.org\/index.php\/1ere-etape-crossing-canada\/","title":{"rendered":"1\u00e8re \u00e9tape : crossing Canada"},"content":{"rendered":"\n<p>Les bases du projet \u00e9tant pos\u00e9es, il ne manque plus qu\u2019\u00e0 lui donner vie. Et n\u2019ayant pas \u00e9migr\u00e9 de ma France natale depuis quelques mois par hasard, le choix de la premi\u00e8re travers\u00e9e qui lancera \u00ab Open Your Wild&nbsp;\u00bb \u00e9tait d\u00e9j\u00e0 fait depuis bien longtemps. La 1 \u00e8re pierre du projet sera donc pos\u00e9e au Canada, o\u00f9 j\u2019ai enfin trouv\u00e9 les ressources et l\u2019\u00e9nergie dont j\u2019avais besoin pour rena\u00eetre et finalement lancer ce projet. Et quel meilleur endroit qu\u2019un des plus grands territoires naturels du monde pour d\u00e9buter ce combat pour un meilleur futur ?<\/p>\n\n\n\n<p>Pour cette travers\u00e9e d\u2019inauguration, j\u2019ai d\u00e9cid\u00e9 de traverser le Canada du Sud-Est au Nord-Ouest, d\u2019un bout \u00e0 l\u2019autre. Au d\u00e9part de Toronto, la 1 \u00e8re partie se fera \u00e0 v\u00e9lo au travers des provinces de l\u2019Ontario, du Manitoba, du Saskatchewan et de l\u2019Alberta. Je p\u00e9dalerai 3600 kms pour rejoindre le centre du pays et Fort McMurray, au Nord d\u2019Edmonton. A partir de ce point, je troquerai mon v\u00e9lo<br>contre un kayak et poursuivrai le long des 900 kms de la rivi\u00e8re Athabasca, et de la rivi\u00e8re des esclaves, o\u00f9 je devrai \u00e0 certains endroits porter mon kayak sur plusieurs kilom\u00e8tres pour \u00e9viter de violents rapides. Une fois le Grand lac des esclaves et Hay River atteints, je terminerai en kayak en descendant les 1800 kms de la rivi\u00e8re Mackenzie, la plus longue du pays, jusqu\u2019\u00e0 l\u2019oc\u00e9an Arctique et<br>la ville de Tuktoyaktuk o\u00f9 mon aventure prendra fin.<br>Les caract\u00e9ristiques et engagements du projet (<a href=\"http:\/\/openyourwild.org\/index.php\/valeurs-et-engagement\/\" data-type=\"page\" data-id=\"47\">lien<\/a>), pr\u00e9c\u00e9demment pr\u00e9sent\u00e9s, seront bien entendu respect\u00e9s. Les 6300 kilom\u00e8tres de CrossingCanada seront donc r\u00e9alis\u00e9s sans l\u2019utilisation de moyen de transport polluant et via des activit\u00e9s sportives, \u00e0 savoir le v\u00e9lo, la marche et le kayak. L\u2019itin\u00e9raire sera \u00e9tabli pour me permettre d\u2019\u00e9voluer au maximum au contact de la nature Canadienne. En<br>autonomie compl\u00e8te, je m\u2019appliquerai \u00e0 respecter l\u2019environnement travers\u00e9. J\u2019accorderai une grande importance au choix du mat\u00e9riel et des \u00e9quipements, ainsi qu\u2019aux moyens de me d\u00e9placer, de consommer et de vivre durant la totalit\u00e9 de l\u2019aventure. Enfin j\u2019emporterai avec moi cam\u00e9ra et appareil photo, me permettant de partager mon aventure r\u00e9guli\u00e8rement via les r\u00e9seaux sociaux.<br>La d\u00e9part de l\u2019exp\u00e9dition est fix\u00e9e au 1 er Juillet 2019, ce qui me laisse plus ou moins 6 mois pour la pr\u00e9parer et me pr\u00e9parer. Car j\u2019ai encore \u00e9norm\u00e9ment de travail\u00a0: organisation pr\u00e9cise de l\u2019itin\u00e9raire, visibilit\u00e9 du projet, accumulation de connaissances et d\u2019informations, rassemblement de l\u2019\u00e9quipement, pr\u00e9paration physique, recherche \u00e9ventuelle de soutient \/ sponsors, s\u00e9lection du<br>mat\u00e9riels et adaptations multiples pour r\u00e9pondre aux \u00e9co-caract\u00e9ristiques du projet, etc\u2026 Je me suis fix\u00e9 comme objectif de parcourir cet itin\u00e9raire en moins de 2 mois et demi, question de challenge.<br>Pour ceux qui souhaitent jeter un \u0153il \u00e0 l\u2019itin\u00e9raire que je dois encore affiner <\/p>\n\n\n\n<figure class=\"wp-block-image size-large\"><img loading=\"lazy\" decoding=\"async\" width=\"1024\" height=\"756\" src=\"http:\/\/openyourwild.org\/wp-content\/uploads\/2024\/04\/Global-1-1024x756.png\" alt=\"\" class=\"wp-image-78\" srcset=\"http:\/\/openyourwild.org\/wp-content\/uploads\/2024\/04\/Global-1-1024x756.png 1024w, http:\/\/openyourwild.org\/wp-content\/uploads\/2024\/04\/Global-1-300x221.png 300w, http:\/\/openyourwild.org\/wp-content\/uploads\/2024\/04\/Global-1-768x567.png 768w, http:\/\/openyourwild.org\/wp-content\/uploads\/2024\/04\/Global-1-1536x1133.png 1536w, http:\/\/openyourwild.org\/wp-content\/uploads\/2024\/04\/Global-1-2048x1511.png 2048w\" sizes=\"auto, (max-width: 1024px) 100vw, 1024px\" \/><\/figure>\n","protected":false},"excerpt":{"rendered":"<p>Les bases du projet \u00e9tant pos\u00e9es, il ne manque plus qu\u2019\u00e0 lui donner vie. Et n\u2019ayant pas \u00e9migr\u00e9 de ma France natale depuis quelques mois par hasard, le choix de la premi\u00e8re travers\u00e9e qui lancera \u00ab Open Your Wild&nbsp;\u00bb \u00e9tait d\u00e9j\u00e0 fait depuis bien longtemps. La 1 \u00e8re pierre du projet sera donc pos\u00e9e au [&hellip;]<\/p>\n","protected":false},"author":1,"featured_media":0,"parent":0,"menu_order":6,"comment_status":"closed","ping_status":"closed","template":"","meta":{"footnotes":""},"class_list":["post-52","page","type-page","status-publish","hentry"],"_links":{"self":[{"href":"http:\/\/openyourwild.org\/index.php\/wp-json\/wp\/v2\/pages\/52","targetHints":{"allow":["GET"]}}],"collection":[{"href":"http:\/\/openyourwild.org\/index.php\/wp-json\/wp\/v2\/pages"}],"about":[{"href":"http:\/\/openyourwild.org\/index.php\/wp-json\/wp\/v2\/types\/page"}],"author":[{"embeddable":true,"href":"http:\/\/openyourwild.org\/index.php\/wp-json\/wp\/v2\/users\/1"}],"replies":[{"embeddable":true,"href":"http:\/\/openyourwild.org\/index.php\/wp-json\/wp\/v2\/comments?post=52"}],"version-history":[{"count":6,"href":"http:\/\/openyourwild.org\/index.php\/wp-json\/wp\/v2\/pages\/52\/revisions"}],"predecessor-version":[{"id":115,"href":"http:\/\/openyourwild.org\/index.php\/wp-json\/wp\/v2\/pages\/52\/revisions\/115"}],"wp:attachment":[{"href":"http:\/\/openyourwild.org\/index.php\/wp-json\/wp\/v2\/media?parent=52"}],"curies":[{"name":"wp","href":"https:\/\/api.w.org\/{rel}","templated":true}]}}