{"id":54,"date":"2024-04-06T19:10:11","date_gmt":"2024-04-06T17:10:11","guid":{"rendered":"http:\/\/openyourwild.org\/?page_id=54"},"modified":"2024-04-07T18:06:08","modified_gmt":"2024-04-07T16:06:08","slug":"participez-au-projet","status":"publish","type":"page","link":"http:\/\/openyourwild.org\/index.php\/participez-au-projet\/","title":{"rendered":"Participez au projet!"},"content":{"rendered":"\n<p>Ce projet est un beau point de d\u00e9part, mais il ne se fera pas tout seul. J\u2019entreprends certes cette aventure seul, mais c\u2019est avec une volont\u00e9 de d\u00e9fendre une cause bien plus grande que moi et qui nous concerne tous (lien). Je souhaite vraiment repr\u00e9senter le plus possible d\u2019entre vous et porter un<br>message commun puissant et partag\u00e9. C\u2019est pourquoi j\u2019ai besoin de vous, que ce soit en partageant le projet, en m\u2019encourageant et en me soutenant, en me donnant des conseils que vous pensez utiles, en m\u2019orientant vers du mat\u00e9riel, en me sugg\u00e9rant des mani\u00e8res de voyager r\u00e9pondant aux contraintes que je me suis fix\u00e9es\u2026 N\u2019importe quoi tant que \u00e7a peut m\u2019\u00eatre utile. Je souhaite que le<br>projet soit participatif, toute aide sera la bienvenue, n\u2019h\u00e9sitez donc vraiment pas.<br>Je vous joins donc une liste d\u2019id\u00e9es, de points clefs, de mat\u00e9riel n\u00e9cessaire, d\u2019objectifs \u00e0 atteindre, d\u2019axes d\u2019am\u00e9liorations et de souhaits concernant le projet. Je la mettrais r\u00e9guli\u00e8rement \u00e0 jour, pour que vous puissiez participer avec vos avis, suggestions et conseils. Vous pouvez me les adresser par mail (<a href=\"thomasicarus@openyourwild.org\">lien<\/a>) ou via Facebook (lien).<\/p>\n\n\n\n<figure class=\"wp-block-image size-large\"><img loading=\"lazy\" decoding=\"async\" width=\"1024\" height=\"682\" src=\"http:\/\/openyourwild.org\/wp-content\/uploads\/2024\/04\/IMG_6678-1024x682.jpg\" alt=\"\" class=\"wp-image-59\" srcset=\"http:\/\/openyourwild.org\/wp-content\/uploads\/2024\/04\/IMG_6678-1024x682.jpg 1024w, http:\/\/openyourwild.org\/wp-content\/uploads\/2024\/04\/IMG_6678-300x200.jpg 300w, http:\/\/openyourwild.org\/wp-content\/uploads\/2024\/04\/IMG_6678-768x512.jpg 768w, http:\/\/openyourwild.org\/wp-content\/uploads\/2024\/04\/IMG_6678-1536x1023.jpg 1536w, http:\/\/openyourwild.org\/wp-content\/uploads\/2024\/04\/IMG_6678.jpg 1732w\" sizes=\"auto, (max-width: 1024px) 100vw, 1024px\" \/><\/figure>\n\n\n\n<p><br>Mat\u00e9riels et \u00e9quipements&nbsp;:<\/p>\n\n\n\n<ul class=\"wp-block-list\">\n<li>V\u00e9lo \u00e9quip\u00e9, casque et chaussures + trousse \u00e0 outils&nbsp;\/ pi\u00e8ces de r\u00e9paration.<\/li>\n\n\n\n<li>Kayak + pagaies, gilets de sauvetage et bidon(s) imperm\u00e9able(s).<\/li>\n\n\n\n<li>Tente \/ Hamac + n\u00e9cessaire de camping.<\/li>\n\n\n\n<li>Cartes \/ Boussole + t\u00e9l\u00e9phone satellite et GPS.<\/li>\n\n\n\n<li>Cam\u00e9ra \/ Appareil photo + Chargeur solaire.<\/li>\n\n\n\n<li>Petit stock de nourriture facilement transportable, \u00e9nerg\u00e9tique, calorique et non encombrante.<\/li>\n\n\n\n<li>Trousse de 1ers soins.<\/li>\n\n\n\n<li>Canne \u00e0 p\u00eache minimaliste, non encombrante et facile d\u2019utilisation.<\/li>\n\n\n\n<li>Spray(s) \u00e0 poivre.<br>Axes d\u2019am\u00e9liorations \/ de d\u00e9veloppement&nbsp;:<\/li>\n\n\n\n<li>Visibilit\u00e9 du projet sur internet et les r\u00e9seaux sociaux.<\/li>\n\n\n\n<li>Meilleurs outils et logiciel pour le montage vid\u00e9o.<\/li>\n\n\n\n<li>Mise \u00e0 jour de mon mat\u00e9riel photo et vid\u00e9o.<br>Interrogations&nbsp;:<\/li>\n\n\n\n<li>Possibilit\u00e9s de s\u2019abonner \u00e0 une newsletter pour suivre l\u2019aventure&nbsp;?<\/li>\n\n\n\n<li>Lien vers carte pour suivre ma position en temps r\u00e9el&nbsp;?<br>Souhaits&nbsp;:<\/li>\n\n\n\n<li>Repr\u00e9senter \/ aider des associations sportives, handisports, \u00e9cologiques\u2026<\/li>\n\n\n\n<li>Convertir \/ transformer les kilom\u00e8tres parcourus (en aide financi\u00e8re&nbsp;ou quelconque) pour une cause \/ des associations.<\/li>\n\n\n\n<li>Parler et d\u00e9fendre le projet au d\u00e9tour d\u2019articles de presse, de blogs voyages, etc\u2026<\/li>\n\n\n\n<li>Utiliser et faire la promo d\u2019objets, de mat\u00e9riel et d\u2019\u00e9quipements \u00e9co-responsables.<br><strong>Volont\u00e9s<\/strong>&nbsp;:<\/li>\n\n\n\n<li>R\u00e9alisation d\u2019un film, au retour de l\u2019exp\u00e9dition.<\/li>\n\n\n\n<li>Ecriture \u00e9ventuelle d\u2019un livre\/r\u00e9cit d\u2019aventure.<br>Pour suivre le projet sur les r\u00e9seaux sociaux et vous tenir au courant de son \u00e9volution, c\u2019est par ici&nbsp;(FB, Youtube, Insta).<\/li>\n<\/ul>\n\n\n\n<ul class=\"wp-block-list\">\n<li><\/li>\n<\/ul>\n\n\n\n<p><\/p>\n","protected":false},"excerpt":{"rendered":"<p>Ce projet est un beau point de d\u00e9part, mais il ne se fera pas tout seul. J\u2019entreprends certes cette aventure seul, mais c\u2019est avec une volont\u00e9 de d\u00e9fendre une cause bien plus grande que moi et qui nous concerne tous (lien). Je souhaite vraiment repr\u00e9senter le plus possible d\u2019entre vous et porter unmessage commun puissant [&hellip;]<\/p>\n","protected":false},"author":1,"featured_media":0,"parent":0,"menu_order":7,"comment_status":"closed","ping_status":"closed","template":"","meta":{"footnotes":""},"class_list":["post-54","page","type-page","status-publish","hentry"],"_links":{"self":[{"href":"http:\/\/openyourwild.org\/index.php\/wp-json\/wp\/v2\/pages\/54","targetHints":{"allow":["GET"]}}],"collection":[{"href":"http:\/\/openyourwild.org\/index.php\/wp-json\/wp\/v2\/pages"}],"about":[{"href":"http:\/\/openyourwild.org\/index.php\/wp-json\/wp\/v2\/types\/page"}],"author":[{"embeddable":true,"href":"http:\/\/openyourwild.org\/index.php\/wp-json\/wp\/v2\/users\/1"}],"replies":[{"embeddable":true,"href":"http:\/\/openyourwild.org\/index.php\/wp-json\/wp\/v2\/comments?post=54"}],"version-history":[{"count":5,"href":"http:\/\/openyourwild.org\/index.php\/wp-json\/wp\/v2\/pages\/54\/revisions"}],"predecessor-version":[{"id":76,"href":"http:\/\/openyourwild.org\/index.php\/wp-json\/wp\/v2\/pages\/54\/revisions\/76"}],"wp:attachment":[{"href":"http:\/\/openyourwild.org\/index.php\/wp-json\/wp\/v2\/media?parent=54"}],"curies":[{"name":"wp","href":"https:\/\/api.w.org\/{rel}","templated":true}]}}