{"id":9,"date":"2024-03-23T16:55:23","date_gmt":"2024-03-23T15:55:23","guid":{"rendered":"http:\/\/openyourwild.org\/?page_id=9"},"modified":"2024-10-08T16:57:45","modified_gmt":"2024-10-08T14:57:45","slug":"genese-du-projet","status":"publish","type":"page","link":"http:\/\/openyourwild.org\/index.php\/genese-du-projet\/","title":{"rendered":"Gen\u00e8se du projet"},"content":{"rendered":"\n<p>Cette nouvelle mani\u00e8re d&rsquo;appr\u00e9hender le monde et le voyage, m&rsquo;encourage \u00e0 me questionner et fait \u00e9cho \u00e0 des frustrations profond\u00e9ment ancr\u00e9es en moi. Je r\u00e9alise que, curieusement et depuis toujours, j&rsquo;essaie d&rsquo;\u00e9touffer cette part \u00e9colo qui fait partie de moi et ne demande qu&rsquo;\u00e0 exploser, l&rsquo;associant \u00e0 quelque chose de frustrant ou de douloureux. Et en approfondissant, je me rends compte que je vis dans une sorte de contradiction : j&rsquo;ai cet amour profond pour la plan\u00e8te et la nature, mais je m&rsquo;oblige \u00e0 ne pas me projeter dans le futur, l&rsquo;imaginant douloureux et inhospitalier. Pour faire simple, penser au futur de notre plan\u00e8te me d\u00e9prime.<\/p>\n\n\n\n<figure class=\"wp-block-image size-full\"><img loading=\"lazy\" decoding=\"async\" width=\"526\" height=\"526\" src=\"http:\/\/openyourwild.org\/wp-content\/uploads\/2024\/05\/peinture-Pit.jpg\" alt=\"\" class=\"wp-image-99\" srcset=\"http:\/\/openyourwild.org\/wp-content\/uploads\/2024\/05\/peinture-Pit.jpg 526w, http:\/\/openyourwild.org\/wp-content\/uploads\/2024\/05\/peinture-Pit-300x300.jpg 300w, http:\/\/openyourwild.org\/wp-content\/uploads\/2024\/05\/peinture-Pit-150x150.jpg 150w\" sizes=\"auto, (max-width: 526px) 100vw, 526px\" \/><\/figure>\n\n\n\n<p>A ce moment l\u00e0, je pense \u00e0 tous les jeunes du monde, qui doivent vivre, grandir sur une plan\u00e8te qu&rsquo;on est entrain de d\u00e9truire  et sur laquelle le futur est synonyme d&rsquo;inconnu, de peur et d&rsquo;incertitude. Et je comprends que devant les comportements destructeurs, l&rsquo;inaction, l&rsquo;\u00e9go\u00efsme, le peu de volont\u00e9 des gouvernements, des grandes entreprises et de certains et certaines, je fuis et je me r\u00e9fugie dans le d\u00e9ni et cela malgr\u00e9 le fait que j&rsquo;ai pleinement conscience que l&rsquo;avenir de notre plan\u00e8te s&rsquo;assombrit de jour en jour. et tout cela entretient en moi un puissant sentiment de culpabilt\u00e9.<\/p>\n\n\n\n<p>Certes, je prends soin de la plan\u00e8te \u00e0 mon \u00e9chelle et \u00e0 ma mani\u00e8re, je fais de petites actions, j&rsquo;adapte mes mani\u00e8res de vivre, de penser et de consommer, j&rsquo;aspire r\u00e9guli\u00e8rement \u00e0 m&rsquo;engager, mais est-ce vraiment suffisant?<\/p>\n\n\n\n<p>Avec le temps, ce sentiment de passivit\u00e9 et d&rsquo;inutilit\u00e9 face \u00e0 la crise environnementale ne fait que s&rsquo;aggraver. Et j&rsquo;ai de plus en plus de difficult\u00e9s \u00e0 contenir cette \u00e9nergie qui bouillonne en moi ainsi qu&rsquo;\u00e0 supporter ces frustrations li\u00e9es \u00e0 une impression de ne pas \u00eatre \u00e0 ma place, de ne pas donner le maximum ou de ne pas m&rsquo;impliquer davantage jusqu&rsquo;au d\u00e9clic.<\/p>\n\n\n\n<p>Comme une \u00e9vidence, je d\u00e9cide d&rsquo;arr\u00eater de me mentir, d&rsquo;arr\u00eater de faire semblant et de m&rsquo;engager pour ce qui compte vraiment. Cela fait trop longtemps que je me camisole. Je n&rsquo;ai plus envie de fermer les yeux. Je n&rsquo;ai plus envie de me concentrer sur mon nombril, en essayant de me convaincre que tout ira mieux demain, pour me r\u00e9veiller dans plusieurs ann\u00e9es avec le regret de ne pas avoir agi et dans un monde \u00e0 l&rsquo;agonie. J&rsquo;ai pris la d\u00e9cision d&rsquo;agir,d&rsquo;\u00eatre optimiste et de mettre toute ma volont\u00e9, toutes mes forces et toute mon \u00e9nergie au service de la plan\u00e8te.<\/p>\n\n\n\n<p>J&rsquo;ai alors cherch\u00e9 un moyen de mettre \u00e0 profit ce que j&rsquo;aime faire et ce pourquoi je pense \u00eatre dou\u00e9. Mais comment utiliser  mes motivations et aspirations \u00e0 voyager, \u00e0 me d\u00e9passer, \u00e0 diffuser de l&rsquo;amour et de l&rsquo;espoir, \u00e0 explorer , \u00e0  me pr\u00e9occuper, \u00e0 d\u00e9couvrir, \u00e0 promouvoir l&rsquo;activit\u00e9 physique, \u00e0 prendre soin, \u00e0 aller \u00e0 la rencontre, \u00e0 prendre des photos, \u00e0 monter des vid\u00e9os, \u00e0 faire r\u00e9agir, \u00e0 partager&#8230;et les mettre au service de l&rsquo;urgence environnementale actuelle?<\/p>\n\n\n\n<p>Apr\u00e8s y avoir longtemps r\u00e9fl\u00e9chi, j&rsquo;ai choisi de mettre sur pied ce projet personnel et engag\u00e9, qui je l&rsquo;esp\u00e8re, aura un impact et touchera un grand nombre de personnes, fera bouger les choses et ou d\u00e9cidera certains \u00e0 ouvrir les yeux, \u00e0 r\u00e9agir, \u00e0 s&rsquo;insurger, plut\u00f4t que de fuir, comme j&rsquo;ai pu le faire.<\/p>\n","protected":false},"excerpt":{"rendered":"<p>Cette nouvelle mani\u00e8re d&rsquo;appr\u00e9hender le monde et le voyage, m&rsquo;encourage \u00e0 me questionner et fait \u00e9cho \u00e0 des frustrations profond\u00e9ment ancr\u00e9es en moi. Je r\u00e9alise que, curieusement et depuis toujours, j&rsquo;essaie d&rsquo;\u00e9touffer cette part \u00e9colo qui fait partie de moi et ne demande qu&rsquo;\u00e0 exploser, l&rsquo;associant \u00e0 quelque chose de frustrant ou de douloureux. Et [&hellip;]<\/p>\n","protected":false},"author":1,"featured_media":0,"parent":0,"menu_order":2,"comment_status":"closed","ping_status":"closed","template":"","meta":{"footnotes":""},"class_list":["post-9","page","type-page","status-publish","hentry"],"_links":{"self":[{"href":"http:\/\/openyourwild.org\/index.php\/wp-json\/wp\/v2\/pages\/9","targetHints":{"allow":["GET"]}}],"collection":[{"href":"http:\/\/openyourwild.org\/index.php\/wp-json\/wp\/v2\/pages"}],"about":[{"href":"http:\/\/openyourwild.org\/index.php\/wp-json\/wp\/v2\/types\/page"}],"author":[{"embeddable":true,"href":"http:\/\/openyourwild.org\/index.php\/wp-json\/wp\/v2\/users\/1"}],"replies":[{"embeddable":true,"href":"http:\/\/openyourwild.org\/index.php\/wp-json\/wp\/v2\/comments?post=9"}],"version-history":[{"count":5,"href":"http:\/\/openyourwild.org\/index.php\/wp-json\/wp\/v2\/pages\/9\/revisions"}],"predecessor-version":[{"id":112,"href":"http:\/\/openyourwild.org\/index.php\/wp-json\/wp\/v2\/pages\/9\/revisions\/112"}],"wp:attachment":[{"href":"http:\/\/openyourwild.org\/index.php\/wp-json\/wp\/v2\/media?parent=9"}],"curies":[{"name":"wp","href":"https:\/\/api.w.org\/{rel}","templated":true}]}}